{"id":3733,"date":"2026-05-01T20:55:11","date_gmt":"2026-05-01T20:55:11","guid":{"rendered":"https:\/\/www.zamana.nl\/?page_id=3733"},"modified":"2026-05-01T20:55:50","modified_gmt":"2026-05-01T20:55:50","slug":"locatie-hoofddorp-2","status":"publish","type":"page","link":"https:\/\/www.zamana.nl\/index.php\/locatie-hoofddorp-2\/","title":{"rendered":"Locatie Hoofddorp"},"content":{"rendered":"<h4 style=\"text-align: center;\">locatie&nbsp; <span style=\"--tcb-applied-color: var$(--tcb-skin-color-4) !important; color: var(--tcb-skin-color-4) !important;\">alkmaar<\/span><span style=\"--tcb-applied-color: var$(--tcb-skin-color-0) !important; color: var(--tcb-skin-color-0) !important;\">&nbsp;<\/span><span style=\"--tcb-applied-color: var$(--tcb-skin-color-32) !important; color: var(--tcb-skin-color-32) !important;\">vanaf donderdag&nbsp; &nbsp;<\/span><span><span style=\"--tcb-applied-color: var$(--tcb-skin-color-4) !important; color: var(--tcb-skin-color-4) !important;\">10 septemer 2026<\/span>&nbsp; &nbsp;&nbsp;<\/span><span>locatie: buurthuiskamer s-amen<\/span><\/h4>\n<h2 style=\"\">Locatie:<\/h2>\n<h2 style=\"\"><span style=\"--tcb-text-highlight-color: var(--tcb-skin-color-0) !important;\" data-tcb-highlight-animation=\"viewport_once\" data-svg-config=\"{&quot;animationCount&quot;:1,&quot;animationDuration&quot;:1,&quot;animationDelay&quot;:1,&quot;strokeWidth&quot;:&quot;6&quot;}\" data-text-highlight=\"marker-zig-zag\">Alkmaar.<\/span><\/h2>\n<p style=\"\">Ontdek de Magie van West-Afrikaanse Djemb\u00e9 in Alkmaar!<\/p>\n<p>Ben je ook gefascineerd door de opzwepende ritmes van West-Afrikaanse muziek? Wil je jezelf onderdompelen in de rijke cultuur en tradities van dit prachtige continent? Dan heb ik goed nieuws voor jou!<\/p>\n<p>Ik ben Patrick Ngambi, meesterdrummer uit Kameroen!<\/p>\n<p>Van donderdag 10 september 2026 start ik weer met een serie West-Afrikaanse Djemb\u00e9lessen in Alkmaar. Locatie: Buurthuiskamer S-Amen Adres: Burgpoelwaard 2-4 te Alkmaar, geef ik je de kans om onder mijn begeleiding de magie van de Djemb\u00e9 te ontdekken. Met mijn jarenlange ervaring als drummer en leider van de Djemb\u00e9 Band &#8216;Zamana&#8217; breng ik de ritmes van Afrika tot leven.<\/p>\n<p><span><img decoding=\"async\" alt=\"\" data-id=\"1233\" width=\"31\" data-init-width=\"31\" height=\"65\" data-init-height=\"65\" title=\"laurel 1\" loading=\"lazy\" src=\"\/\/www.zamana.nl\/wp-content\/uploads\/tcb_lp_templates\/templates\/css\/images\/laurel-1.png\" data-width=\"31\" data-height=\"65\" style=\"aspect-ratio: auto 31 \/ 65;\"><\/span><\/p>\n<p style=\"\">2023<\/p>\n<p style=\"\">Best singer<\/p>\n<p style=\"\">Arcadia Awards<\/p>\n<p><span><img decoding=\"async\" alt=\"\" data-id=\"1234\" width=\"31\" data-init-width=\"31\" height=\"65\" data-init-height=\"65\" title=\"laurel 2\" loading=\"lazy\" src=\"\/\/www.zamana.nl\/wp-content\/uploads\/tcb_lp_templates\/templates\/css\/images\/laurel-2.png\" data-width=\"31\" data-height=\"65\" style=\"aspect-ratio: auto 31 \/ 65;\"><\/span><span><img decoding=\"async\" alt=\"\" data-id=\"1233\" width=\"31\" data-init-width=\"31\" height=\"65\" data-init-height=\"65\" title=\"laurel 1\" loading=\"lazy\" src=\"\/\/www.zamana.nl\/wp-content\/uploads\/tcb_lp_templates\/templates\/css\/images\/laurel-1.png\" data-width=\"31\" data-height=\"65\" style=\"aspect-ratio: auto 31 \/ 65;\"><\/span><\/p>\n<p style=\"\">2023<\/p>\n<p style=\"\">Best singer<\/p>\n<p style=\"\">Arcadia Awards<\/p>\n<p><span><img decoding=\"async\" alt=\"\" data-id=\"1234\" width=\"31\" data-init-width=\"31\" height=\"65\" data-init-height=\"65\" title=\"laurel 2\" loading=\"lazy\" src=\"\/\/www.zamana.nl\/wp-content\/uploads\/tcb_lp_templates\/templates\/css\/images\/laurel-2.png\" data-width=\"31\" data-height=\"65\" style=\"aspect-ratio: auto 31 \/ 65;\"><\/span><span><img decoding=\"async\" alt=\"\" data-id=\"1233\" width=\"31\" data-init-width=\"31\" height=\"65\" data-init-height=\"65\" title=\"laurel 1\" loading=\"lazy\" src=\"\/\/www.zamana.nl\/wp-content\/uploads\/tcb_lp_templates\/templates\/css\/images\/laurel-1.png\" data-width=\"31\" data-height=\"65\" style=\"aspect-ratio: auto 31 \/ 65;\"><\/span><\/p>\n<p style=\"\">2023<\/p>\n<p style=\"\">Best singer<\/p>\n<p style=\"\">Arcadia Awards<\/p>\n<p><span><img decoding=\"async\" alt=\"\" data-id=\"1234\" width=\"31\" data-init-width=\"31\" height=\"65\" data-init-height=\"65\" title=\"laurel 2\" loading=\"lazy\" src=\"\/\/www.zamana.nl\/wp-content\/uploads\/tcb_lp_templates\/templates\/css\/images\/laurel-2.png\" data-width=\"31\" data-height=\"65\" style=\"aspect-ratio: auto 31 \/ 65;\"><\/span><span><img decoding=\"async\" alt=\"\" data-id=\"1233\" width=\"31\" data-init-width=\"31\" height=\"65\" data-init-height=\"65\" title=\"laurel 1\" loading=\"lazy\" src=\"\/\/www.zamana.nl\/wp-content\/uploads\/tcb_lp_templates\/templates\/css\/images\/laurel-1.png\" data-width=\"31\" data-height=\"65\" style=\"aspect-ratio: auto 31 \/ 65;\"><\/span><\/p>\n<p style=\"\">2023<\/p>\n<p style=\"\">Best singer<\/p>\n<p style=\"\">Arcadia Awards<\/p>\n<p><span><img decoding=\"async\" alt=\"\" data-id=\"1234\" width=\"31\" data-init-width=\"31\" height=\"65\" data-init-height=\"65\" title=\"laurel 2\" loading=\"lazy\" src=\"\/\/www.zamana.nl\/wp-content\/uploads\/tcb_lp_templates\/templates\/css\/images\/laurel-2.png\" data-width=\"31\" data-height=\"65\" style=\"aspect-ratio: auto 31 \/ 65;\"><\/span><span><img decoding=\"async\" alt=\"\" data-id=\"3676\" width=\"426\" data-init-width=\"1600\" height=\"320\" data-init-height=\"1200\" title=\"WhatsApp Image 2026-05-01 at 21.36.16 (30)\" loading=\"lazy\" src=\"https:\/\/www.zamana.nl\/wp-content\/uploads\/2026\/05\/WhatsApp-Image-2026-05-01-at-21.36.16-30.jpeg\" data-width=\"426\" data-height=\"320\" style=\"aspect-ratio: auto 1600 \/ 1200;\"><\/span><span style=\"\"><img decoding=\"async\" alt=\"\" data-id=\"1238\" width=\"71\" data-init-width=\"71\" height=\"177\" data-init-height=\"177\" title=\"Vector 24\" loading=\"lazy\" src=\"\/\/www.zamana.nl\/wp-content\/uploads\/tcb_lp_templates\/templates\/css\/images\/Vector-24.png\" data-width=\"71\" data-height=\"177\" style=\"aspect-ratio: auto 71 \/ 177;\" ml-m=\"-1.6749999999999998\" mt-m=\"0\"><\/span><span><img decoding=\"async\" alt=\"\" data-id=\"3683\" width=\"426\" data-init-width=\"1600\" height=\"320\" data-init-height=\"1200\" title=\"WhatsApp Image 2026-05-01 at 21.36.16 (23)\" loading=\"lazy\" src=\"https:\/\/www.zamana.nl\/wp-content\/uploads\/2026\/05\/WhatsApp-Image-2026-05-01-at-21.36.16-23.jpeg\" data-width=\"426\" data-height=\"320\" style=\"aspect-ratio: auto 1600 \/ 1200;\"><\/span><span><img decoding=\"async\" alt=\"\" data-id=\"1237\" width=\"71\" data-init-width=\"71\" height=\"178\" data-init-height=\"178\" title=\"Vector 25\" loading=\"lazy\" src=\"\/\/www.zamana.nl\/wp-content\/uploads\/tcb_lp_templates\/templates\/css\/images\/Vector-25.png\" data-width=\"71\" data-height=\"178\" style=\"aspect-ratio: auto 71 \/ 178;\"><\/span><\/p>\n<h1 style=\"text-align: center;\">Mijn Djemb\u00e9lessen: Meer dan alleen muziek!<\/h1>\n<p style=\"\">Mijn Djemb\u00e9lessen zijn een unieke ervaring die je meeneemt op een reis door de Afrikaanse ritmes en melodie\u00ebn. Leer de magie van het Djemb\u00e9spel, ontdek nieuwe vaardigheden en maak kennis met gelijkgestemde mensen die dezelfde passie delen. <\/p>\n<p style=\"\">Met mijn lessen krijg je niet alleen de kans om een nieuwe vaardigheid te leren, maar ook om jezelf te ontwikkelen op persoonlijk vlak. Djemb\u00e9spelen gaat namelijk verder dan alleen het bespelen van een trommel. Het gaat om verbinding maken met anderen, luisteren naar elkaar en samen mooie muziek maken.<\/p>\n<h4 style=\"text-align: center;\">locatie&nbsp;&nbsp;<span>alkmaar<\/span><span>&nbsp;<\/span><span>vanaf donderdag&nbsp; &nbsp;<\/span><span><span>10 septemer 2026<\/span>&nbsp; &nbsp;&nbsp;<\/span><span>locatie: buurthuiskamer s-amen<\/span><\/h4>\n<h2 style=\"\">Leren spelen van de Djemb\u00e9: Een unieke combinatie<br \/>van 7 leerstijlen!<\/h2>\n<p style=\"text-align: center;\">Leren spelen van de Djemb\u00e9 is een holistische ervaring die verschillende leerstijlen combineert. Hier is hoe:<\/p>\n<ul>\n<li style=\"\"><span style=\"\"><strong><img decoding=\"async\" role=\"img\" alt=\"\ud83c\udfa8\" src=\"https:\/\/s.w.org\/images\/core\/emoji\/17.0.2\/svg\/1f3a8.svg\"> Visueel Leren &#8211; &#8220;Zien en Begrijpen&#8221;<\/strong>\n<p><span style=\"font-size: 16px !important; text-transform: none !important;\">* Je leert ritmes te zien en te begrijpen door middel van handgebaar-systeem, kleurgecodeerde notaties en visuele ritme-kaarten.<br \/>* Video-demonstraties helpen je om thuis te oefenen en complexe ritmes te visualiseren voordat je ze speelt.<\/span><\/span><\/li>\n<li style=\"\"><span style=\"\"><strong><img decoding=\"async\" role=\"img\" alt=\"\ud83d\udc42\" src=\"https:\/\/s.w.org\/images\/core\/emoji\/17.0.2\/svg\/1f442.svg\"> Auditief Leren &#8211; &#8220;Horen en Voelen&#8221;<\/strong>\n<p><span style=\"font-size: 16px !important; text-transform: none !important;\">* Je ontwikkelt een &#8220;djemb\u00e9-oor&#8221; door te leren onderscheid te maken tussen verschillende klanken en ritmes in je hoofd af te spelen.<br \/>* Luisteroefeningen en stem-imitatie helpen je om de authentieke klanken van de Djemb\u00e9 te begrijpen.<\/span><\/span><\/li>\n<li style=\"\"><span style=\"\"><strong><img decoding=\"async\" role=\"img\" alt=\"\ud83c\udfc3\" src=\"https:\/\/s.w.org\/images\/core\/emoji\/17.0.2\/svg\/1f3c3.svg\"> Kinesthetisch Leren &#8211; &#8220;Doen en Ervaren&#8221;<\/strong>\n<p><span style=\"font-size: 16px !important; text-transform: none !important;\">* Je ervaart de Djemb\u00e9 als een verlengstuk van je lichaam door dans-elementen en fysieke oefeningen te integreren in de lessen.<br \/>* Groeps-bewegingsspellen met ritme maken het leren tot een fysieke en sociale ervaring.<\/span><\/span><\/li>\n<li style=\"\"><span style=\"\"><strong><img decoding=\"async\" role=\"img\" alt=\"\ud83d\udd22\" src=\"https:\/\/s.w.org\/images\/core\/emoji\/17.0.2\/svg\/1f522.svg\"> Logisch-Mathematisch Leren &#8211; &#8220;Structuur en Patronen&#8221;<\/strong>\n<p><span style=\"font-size: 16px !important; text-transform: none !important;\">* Je begrijpt de structuur en patronen achter de ritmes door ze te analyseren in mathematische structuren en polyrhythms.<br \/>* Systematische progressie van eenvoudig naar complex helpt je om de &#8220;waarom&#8221; achter elk ritme te begrijpen.<\/span><\/span><\/li>\n<li><span><strong><img decoding=\"async\" alt=\"\ud83d\udcda\" src=\"https:\/\/s.w.org\/images\/core\/emoji\/17.0.2\/svg\/1f4da.svg\"> Lingu\u00efstisch Leren &#8211; &#8220;Woorden en Verhalen&#8221;<\/strong>\n<p><span style=\"font-size: 16px !important; text-transform: none !important;\">* Je maakt abstracte ritmes concreet en memorabel door ze te verbinden met culturele verhalen en vocale patronen.<br \/>* Storytelling en de geschiedenis achter de ritmes helpen je om ze beter te begrijpen en te onthouden<\/span><strong>&nbsp;<\/strong><\/span><\/li>\n<li><span><strong><img decoding=\"async\" alt=\"\ud83c\udfbc\" src=\"https:\/\/s.w.org\/images\/core\/emoji\/17.0.2\/svg\/1f3bc.svg\"> Muzikaal Leren &#8211; &#8220;Melodie en Harmonie&#8221;<\/strong>\n<p><span style=\"font-size: 16px !important; text-transform: none !important;\">* Je leert om melodische lijnen en harmonie in percussie te herkennen en te cre\u00ebren.<br \/>* Ensemble-spel en muzikale conversaties helpen je om de &#8220;melodie&#8221; in percussie te horen en te spelen.<\/span><strong>&nbsp;<\/strong><\/span><\/li>\n<li><span><strong><img decoding=\"async\" role=\"img\" alt=\"\ud83d\udc65\" src=\"https:\/\/s.w.org\/images\/core\/emoji\/17.0.2\/svg\/1f465.svg\"> Interpersoonlijk Leren &#8211; &#8220;Samen en Verbinden&#8221;<\/strong>\n<p><span style=\"font-size: 16px !important; text-transform: none !important;\">* Je bouwt een sterke gemeenschap op door samen complexe polyrhythms te bouwen en muzikale dialogen te voeren.<br \/>* Groepsdynamiek en culturele uitwisseling maken het leren tot een sociale en verbindende ervaring.<\/span><\/span><\/li>\n<\/ul>\n<h2><span data-svg-config=\"{&quot;animationCount&quot;:1,&quot;animationDuration&quot;:1,&quot;animationDelay&quot;:1,&quot;strokeWidth&quot;:&quot;6&quot;}\" data-tcb-highlight-animation=\"viewport_once\" data-text-highlight=\"wavy-2\">Praktische informatie:<\/span><\/h2>\n<p style=\"\">* Locatie: Buurthuiskamer S-Amen Adres: Burgpoelwaard 2-4 te Alkmaar<br \/>* Startdatum: donderdag 10 september 2026<br \/>* Lestijden voor gevorderden: 19:00 &#8211; 20:30 uur<br \/>* Lestijden voor beginners: 20:30 &#8211; 22:00 uur<br \/>* Kostprijs: \u20ac100 per persoon voor 10 lessen<br \/>* Korting: Sluit je aan bij iemand (vrienden of familielid) en krijg een eenmalige 50% korting. Betaal dan \u20ac100 voor twee personen in plaats van \u20ac100 per persoon.<br \/>* Djemb\u00e9-huur: \u20ac50 voor een periode van 10 weken. De Djemb\u00e9 kan na de cursus mee naar huis worden genomen.<\/p>\n<h2 style=\"\">De beste cursisten zullen regelmatig optreden met de Djemb\u00e9 Band Zamana!<\/h2>\n<p style=\"\"><b data-stringify-type=\"bold\"><b data-stringify-type=\"bold\">\u201d<\/b><\/b><\/p>\n<h2 style=\"\">Djemb\u00e9 <span style=\"--tcb-text-highlight-color: var(--tcb-skin-color-0) !important;\" data-text-highlight=\"wavy-2\" data-tcb-highlight-animation=\"viewport_once\" data-svg-config=\"{&quot;animationCount&quot;:1,&quot;animationDuration&quot;:1,&quot;animationDelay&quot;:1,&quot;strokeWidth&quot;:&quot;4&quot;}\">band zamana<\/span><\/h2>\n<p style=\"\">Deze band is een multiculturele muziekgroep uit Alkmaar, Krommenie en Hoofddorp. Voor meer informatie en inschrijvingen kunt u bellen met de Djemb\u00e9 Band Zamana:<br \/>Telefoon: <strong>06-420 110 93<\/strong><br \/>E-mail: <strong>info@zamana.nl<\/strong><br \/>Website: <strong>www.zamana.nl<\/strong><\/p>\n<p style=\"\"><\/p>\n<p style=\"\">Wacht niet langer en schrijf je vandaag nog in voor mijn Djemb\u00e9lessen!<\/p>\n<p>Neem de eerste stap naar een nieuwe en verrijkende ervaring die je leven zal veranderen. Samen gaan we op reis naar de betoverende wereld van West-Afrikaanse muziek. Ben je klaar om de Djemb\u00e9 te laten spreken en je passie voor muziek tot leven te brengen? Schrijf je dan nu in voor mijn lessen en ontdek de magie van het Djemb\u00e9spel.<\/p>\n<p><strong>Tot ziens bij mijn Djemb\u00e9lessen!<\/strong><\/p>\n","protected":false},"excerpt":{"rendered":"<p>locatie&nbsp; alkmaar&nbsp;vanaf donderdag&nbsp; &nbsp;10 septemer 2026&nbsp; &nbsp;&nbsp;locatie: buurthuiskamer s-amen Locatie: Alkmaar. Ontdek de Magie van West-Afrikaanse Djemb\u00e9 in Alkmaar! Ben je ook gefascineerd door de opzwepende ritmes van West-Afrikaanse muziek? Wil je jezelf onderdompelen in de rijke cultuur en tradities van dit prachtige continent? Dan heb ik goed nieuws voor jou! Ik ben Patrick Ngambi, [&hellip;]<\/p>\n","protected":false},"author":1,"featured_media":3247,"parent":0,"menu_order":0,"comment_status":"closed","ping_status":"closed","template":"","meta":{"footnotes":""},"class_list":["post-3733","page","type-page","status-publish","has-post-thumbnail","hentry","post-wrapper","thrv_wrapper"],"_links":{"self":[{"href":"https:\/\/www.zamana.nl\/index.php\/wp-json\/wp\/v2\/pages\/3733","targetHints":{"allow":["GET"]}}],"collection":[{"href":"https:\/\/www.zamana.nl\/index.php\/wp-json\/wp\/v2\/pages"}],"about":[{"href":"https:\/\/www.zamana.nl\/index.php\/wp-json\/wp\/v2\/types\/page"}],"author":[{"embeddable":true,"href":"https:\/\/www.zamana.nl\/index.php\/wp-json\/wp\/v2\/users\/1"}],"replies":[{"embeddable":true,"href":"https:\/\/www.zamana.nl\/index.php\/wp-json\/wp\/v2\/comments?post=3733"}],"version-history":[{"count":2,"href":"https:\/\/www.zamana.nl\/index.php\/wp-json\/wp\/v2\/pages\/3733\/revisions"}],"predecessor-version":[{"id":3735,"href":"https:\/\/www.zamana.nl\/index.php\/wp-json\/wp\/v2\/pages\/3733\/revisions\/3735"}],"wp:featuredmedia":[{"embeddable":true,"href":"https:\/\/www.zamana.nl\/index.php\/wp-json\/wp\/v2\/media\/3247"}],"wp:attachment":[{"href":"https:\/\/www.zamana.nl\/index.php\/wp-json\/wp\/v2\/media?parent=3733"}],"curies":[{"name":"wp","href":"https:\/\/api.w.org\/{rel}","templated":true}]}}