{"id":880,"date":"2020-12-19T02:19:00","date_gmt":"2020-12-19T02:19:00","guid":{"rendered":"https:\/\/www.zamana.nl\/?page_id=880"},"modified":"2020-12-19T22:16:03","modified_gmt":"2020-12-19T22:16:03","slug":"workshops","status":"publish","type":"page","link":"https:\/\/www.zamana.nl\/index.php\/workshops\/","title":{"rendered":"Workshops"},"content":{"rendered":"\n<p><a href=\"https:\/\/www.zamana.nl\/index.php\/2020\/11\/14\/bedrijven-instellingen\/\">Voor workshops informaties klik hier.<\/a><\/p>\n\n\n\n<p><a href=\"https:\/\/www.zamana.nl\/index.php\/2020\/11\/14\/afrikaanse-dans-workshop\/\">Afrikaanse dans Workshops,<\/a><br><a href=\"https:\/\/www.zamana.nl\/index.php\/2020\/11\/14\/percussie-workshops-djembe-workshops-trommel-workshops\/\">djembe workshops,<\/a>\u00a0<a href=\"https:\/\/www.zamana.nl\/index.php\/2020\/11\/14\/kookworkshops\/\">Afrikaanse kok workshops,<\/a>\u00a0<a href=\"https:\/\/www.zamana.nl\/index.php\/2020\/12\/19\/afrikaanse-modeshow-workshops\/\">Afrikaanse modeshow workshops\u00a0<\/a>zijn landelijk flexibel op lokatie te boeken.<\/p>\n\n\n\n<p>Stichting Afrikontact Promotions heeft veel docenten van grote naam in zijn bestand. Het is mogelijk met hen kennis te maken en voor een workshop te boeken.<\/p>\n\n\n\n<p><a href=\"https:\/\/www.zamana.nl\/index.php\/2020\/11\/14\/djembe-workshops-voor-scholen\/\">Djemb\u00e9 workshop voor scholen<\/a><\/p>\n\n\n\n<p><a href=\"https:\/\/www.zamana.nl\/index.php\/2020\/11\/14\/percussie-workshops-djembe-workshops-trommel-workshops\/\">Djemb\u00e9 workshop voor bedrijven<\/a><\/p>\n\n\n\n<p><a href=\"https:\/\/www.zamana.nl\/index.php\/2020\/11\/14\/djembe-workshops-voor-particulieren\/\">Djemb\u00e9 workshop voor particulier<\/a><\/p>\n\n\n\n<p>Onze workshops zijn te boeken voor:<\/p>\n\n\n\n<p>vrijgezellenfeesten<br>bedrijfsfeesten<br>teambuilding<br>bruiloft &amp; partijen  <br>verjaardagen<br>afscheid van een collega<br>fusiefeest<br>verjaardagen<br>inwijding van het nieuwe bedrijfspand<br>nieuwe directeur<br>Boeken?<br>Neem contact met dhr. Patrick Ngambi<\/p>\n","protected":false},"excerpt":{"rendered":"<p>Voor workshops informaties klik hier. Afrikaanse dans Workshops,djembe workshops,\u00a0Afrikaanse kok workshops,\u00a0Afrikaanse modeshow workshops\u00a0zijn landelijk flexibel op lokatie te boeken. Stichting Afrikontact Promotions heeft veel docenten van grote naam in zijn bestand. Het is mogelijk met hen kennis te maken en voor een workshop te boeken. Djemb\u00e9 workshop voor scholen Djemb\u00e9 workshop voor bedrijven Djemb\u00e9 workshop [&hellip;]<\/p>\n","protected":false},"author":1,"featured_media":732,"parent":0,"menu_order":0,"comment_status":"closed","ping_status":"closed","template":"","meta":{"footnotes":""},"class_list":["post-880","page","type-page","status-publish","has-post-thumbnail","hentry","post-wrapper","thrv_wrapper"],"_links":{"self":[{"href":"https:\/\/www.zamana.nl\/index.php\/wp-json\/wp\/v2\/pages\/880","targetHints":{"allow":["GET"]}}],"collection":[{"href":"https:\/\/www.zamana.nl\/index.php\/wp-json\/wp\/v2\/pages"}],"about":[{"href":"https:\/\/www.zamana.nl\/index.php\/wp-json\/wp\/v2\/types\/page"}],"author":[{"embeddable":true,"href":"https:\/\/www.zamana.nl\/index.php\/wp-json\/wp\/v2\/users\/1"}],"replies":[{"embeddable":true,"href":"https:\/\/www.zamana.nl\/index.php\/wp-json\/wp\/v2\/comments?post=880"}],"version-history":[{"count":8,"href":"https:\/\/www.zamana.nl\/index.php\/wp-json\/wp\/v2\/pages\/880\/revisions"}],"predecessor-version":[{"id":1087,"href":"https:\/\/www.zamana.nl\/index.php\/wp-json\/wp\/v2\/pages\/880\/revisions\/1087"}],"wp:featuredmedia":[{"embeddable":true,"href":"https:\/\/www.zamana.nl\/index.php\/wp-json\/wp\/v2\/media\/732"}],"wp:attachment":[{"href":"https:\/\/www.zamana.nl\/index.php\/wp-json\/wp\/v2\/media?parent=880"}],"curies":[{"name":"wp","href":"https:\/\/api.w.org\/{rel}","templated":true}]}}