{"id":902,"date":"2020-12-19T09:57:00","date_gmt":"2020-12-19T09:57:00","guid":{"rendered":"https:\/\/www.zamana.nl\/?page_id=902"},"modified":"2022-12-29T16:09:22","modified_gmt":"2022-12-29T16:09:22","slug":"bedrijfsfeest","status":"publish","type":"page","link":"https:\/\/www.zamana.nl\/index.php\/bedrijfsfeest\/","title":{"rendered":"Bedrijfsfeest"},"content":{"rendered":"\n<p><strong>PERCUSSIE-WORKSHOPS&nbsp;\/ DJEMBE-WORKSHOPS<br>TROMMEL-WORKSHOPS<\/strong><\/p>\n\n\n\n<p>De <strong>Djemb\u00e9 Band Zamana <\/strong>verzorgt ludieke workshops voor bedrijven, instellingen, scholen en particulieren.<br>Iedere workshop wordt afgestemd op de wensen en mogelijkheden van de&nbsp;opdrachtgever.<br>Soms als onderdeel van een feest, project of proces, en<br>vooral erg geslaagd als&nbsp;verrassing voor de deelnemers.<\/p>\n\n\n\n<p><strong>De djemb\u00e9 is een heel toegankelijk<\/strong>&nbsp;<strong>muziekinstrument.<br><\/strong>Iedereen kan dus gemakkelijk meedoen.<br>Stap voor stap spelen we&nbsp;de ritmes.<br>Als ook de&nbsp;grote bastrommels, de bellen,&nbsp;claves en kalebas-shakers worden ingezet gaat het helem\u00e1\u00e1l swingen.<br>Een onvergetelijk&nbsp;dynamisch geheel!<\/p>\n\n\n\n<p>Al snel spelen we samen een opzwepend muziekstuk!<br>Klik op de foto\u2019s om ze groter te zien<\/p>\n\n\n\n<p><strong>PERCUSSIE WORKSHOPS&nbsp;<\/strong><strong>VOOR BEDRIJVEN<\/strong><\/p>\n\n\n\n<p><strong>EEN SWINGEND GEHEEL<\/strong><\/p>\n\n\n\n<figure class=\"wp-block-gallery has-nested-images columns-default is-cropped wp-block-gallery-1 is-layout-flex wp-block-gallery-is-layout-flex\">\n<figure class=\"wp-block-image size-large\"><img loading=\"lazy\" decoding=\"async\" width=\"1024\" height=\"768\" data-id=\"743\" src=\"https:\/\/www.zamana.nl\/wp-content\/uploads\/2020\/11\/IMG_9851-1024x768.jpg\" alt=\"\" class=\"wp-image-743\" srcset=\"https:\/\/www.zamana.nl\/wp-content\/uploads\/2020\/11\/IMG_9851-1024x768.jpg 1024w, https:\/\/www.zamana.nl\/wp-content\/uploads\/2020\/11\/IMG_9851-300x225.jpg 300w, https:\/\/www.zamana.nl\/wp-content\/uploads\/2020\/11\/IMG_9851-768x576.jpg 768w, https:\/\/www.zamana.nl\/wp-content\/uploads\/2020\/11\/IMG_9851-1536x1152.jpg 1536w, https:\/\/www.zamana.nl\/wp-content\/uploads\/2020\/11\/IMG_9851-2048x1536.jpg 2048w\" sizes=\"auto, (max-width: 1024px) 100vw, 1024px\" \/><\/figure>\n\n\n\n<figure class=\"wp-block-image size-large\"><img loading=\"lazy\" decoding=\"async\" width=\"1024\" height=\"683\" data-id=\"732\" src=\"https:\/\/www.zamana.nl\/wp-content\/uploads\/2020\/11\/IMG_2020-1024x683.jpg\" alt=\"\" class=\"wp-image-732\" srcset=\"https:\/\/www.zamana.nl\/wp-content\/uploads\/2020\/11\/IMG_2020-1024x683.jpg 1024w, https:\/\/www.zamana.nl\/wp-content\/uploads\/2020\/11\/IMG_2020-300x200.jpg 300w, https:\/\/www.zamana.nl\/wp-content\/uploads\/2020\/11\/IMG_2020-768x512.jpg 768w, https:\/\/www.zamana.nl\/wp-content\/uploads\/2020\/11\/IMG_2020-1536x1024.jpg 1536w, https:\/\/www.zamana.nl\/wp-content\/uploads\/2020\/11\/IMG_2020-2048x1365.jpg 2048w\" sizes=\"auto, (max-width: 1024px) 100vw, 1024px\" \/><\/figure>\n\n\n\n<figure class=\"wp-block-image size-large\"><img loading=\"lazy\" decoding=\"async\" width=\"1024\" height=\"683\" data-id=\"713\" src=\"https:\/\/www.zamana.nl\/wp-content\/uploads\/2020\/11\/IMG_1952-1024x683.jpg\" alt=\"\" class=\"wp-image-713\" srcset=\"https:\/\/www.zamana.nl\/wp-content\/uploads\/2020\/11\/IMG_1952-1024x683.jpg 1024w, https:\/\/www.zamana.nl\/wp-content\/uploads\/2020\/11\/IMG_1952-300x200.jpg 300w, https:\/\/www.zamana.nl\/wp-content\/uploads\/2020\/11\/IMG_1952-768x512.jpg 768w, https:\/\/www.zamana.nl\/wp-content\/uploads\/2020\/11\/IMG_1952-1536x1024.jpg 1536w, https:\/\/www.zamana.nl\/wp-content\/uploads\/2020\/11\/IMG_1952-2048x1365.jpg 2048w\" sizes=\"auto, (max-width: 1024px) 100vw, 1024px\" \/><\/figure>\n\n\n\n<figure class=\"wp-block-image size-large\"><img loading=\"lazy\" decoding=\"async\" width=\"1024\" height=\"768\" data-id=\"371\" src=\"https:\/\/www.zamana.nl\/wp-content\/uploads\/2020\/11\/DSCF7603-1024x768.jpg\" alt=\"\" class=\"wp-image-371\" srcset=\"https:\/\/www.zamana.nl\/wp-content\/uploads\/2020\/11\/DSCF7603-1024x768.jpg 1024w, https:\/\/www.zamana.nl\/wp-content\/uploads\/2020\/11\/DSCF7603-300x225.jpg 300w, https:\/\/www.zamana.nl\/wp-content\/uploads\/2020\/11\/DSCF7603-768x576.jpg 768w, https:\/\/www.zamana.nl\/wp-content\/uploads\/2020\/11\/DSCF7603-1536x1152.jpg 1536w, https:\/\/www.zamana.nl\/wp-content\/uploads\/2020\/11\/DSCF7603-2048x1536.jpg 2048w\" sizes=\"auto, (max-width: 1024px) 100vw, 1024px\" \/><\/figure>\n\n\n\n<figure class=\"wp-block-image size-large\"><img loading=\"lazy\" decoding=\"async\" width=\"448\" height=\"336\" data-id=\"128\" src=\"https:\/\/www.zamana.nl\/wp-content\/uploads\/2020\/11\/2009_0326AfrikaanseCultuurdag0190.jpg\" alt=\"\" class=\"wp-image-128\" srcset=\"https:\/\/www.zamana.nl\/wp-content\/uploads\/2020\/11\/2009_0326AfrikaanseCultuurdag0190.jpg 448w, https:\/\/www.zamana.nl\/wp-content\/uploads\/2020\/11\/2009_0326AfrikaanseCultuurdag0190-300x225.jpg 300w\" sizes=\"auto, (max-width: 448px) 100vw, 448px\" \/><\/figure>\n<\/figure>\n\n\n\n<p>E\u00e9n team, \u00e9\u00e9n&nbsp;doel.<br>Samen muziek maken werkt verbindend en maakt ons blij.<br>De instrumenten die we gebruiken zijn heel toegankelijk en tegelijkertijd bijzonder.<br>Iedere workshop wordt verzorgd door verschillende Afrikaanse professionals. Samen zorgen ze voor een ludiek festijn&nbsp;<strong>met een stukje entertainment<\/strong>.<\/p>\n\n\n\n<p>Stap voor stap en spelenderwijs&nbsp;leren we de ritmes. De djemb\u00e9\u2019s vormen samen met de grote bastrommels&nbsp;een stevige basis.<\/p>\n\n\n\n<p>Daarna gaan ze&nbsp;met&nbsp;bellen, shakers en houten claves klanken toevoegen. Iedere groep&nbsp;instrumenten is met zijn eigen&nbsp;ritme&nbsp;onmisbaar in het grote geheel en&nbsp;na een uur spelen we samen<br><strong>een opzwepend muziekstuk!<\/strong><\/p>\n\n\n\n<p>Een&nbsp;bedrijf werkt namelijk precies als een orkest:<\/p>\n\n\n\n<p>Goede&nbsp;communicatie, timing, afstemming, sturing, ieders betrokkenheid en plezier in wat we doen, zorgen ervoor dat we het samen helemaal \u2018maken\u2019.<\/p>\n\n\n\n<p><strong>Op deze manier&nbsp;wordt&nbsp;de teamspirit voelbaar&nbsp;en brengen we&nbsp;samen het geheel volledig in beweging!<\/strong><\/p>\n\n\n\n<p>In afstemming met u maken wij iedere&nbsp;workshop&nbsp;OP MAAT en we zorgen ervoor dat alle deelnemers&nbsp;actief betrokken zijn.<\/p>\n\n\n\n<p>De&nbsp;<strong>duur van een workshop<\/strong>&nbsp;kan vari\u00ebren:<br>van 45 minuten,&nbsp;anderhalf uur tot&nbsp;een dagdeel, of nog langer.&nbsp; In \u00e9\u00e9n uur tijd kunnen we met een groep&nbsp;een compleet swingend muziekstuk neerzetten.<br>Ook onze procesgerichte workshops (ondersteunend bij&nbsp;teambuilding of communicatie-training) zorgen ervoor dat de team-spirit van de groep op een bijzonder prettige manier&nbsp;voelbaar wordt.Een unieke ervaring!<\/p>\n\n\n\n<p><strong>MOGELIJKHEDEN IN WORKSHOPS:<\/strong><\/p>\n\n\n\n<ul class=\"wp-block-list\">\n<li>Fun<\/li>\n\n\n\n<li>Teambuilding \/ Samenwerking \/ Communicatie-traject<\/li>\n\n\n\n<li>Energie-opwekker (opwarmer of onderbreker)<\/li>\n\n\n\n<li>Inspiratie<\/li>\n\n\n\n<li>Combinaties hiervan. Alles is bespreekbaar.<\/li>\n<\/ul>\n\n\n\n<p><strong>FISCAAL:<br>Personeelsuitjes zijn onbelast tot ca. 350,=<br>per medewerker per jaar.<\/strong><\/p>\n\n\n\n<p><strong>Plezier en samenspel<\/strong>&nbsp;is waar het om gaat.<\/p>\n\n\n\n<p>De deelnemers zullen verbaasd zijn over wat ze met hun groep in \u00e9\u00e9n uurtje kunnen neerzetten.<\/p>\n\n\n\n<p><strong>GELEGENHEDEN:<\/strong>jubileum,&nbsp;afscheid,&nbsp;opening\/kick-off, fusie&nbsp;of&nbsp;samenwerkingsverband<\/p>\n\n\n\n<ul class=\"wp-block-list\">\n<li>teambuilding,&nbsp;dagje \u2018op de hei\u2019, bedrijfsfeest, personeelsuitje, bijzondere verrassing<\/li>\n\n\n\n<li>-opwarmer\/opener voor een<br>seminar, meeting of congres<br>-energizer<br>-spetterende afsluiter!<\/li>\n<\/ul>\n\n\n\n<p><strong>LOKATIE \u2013 MOGELIJKHEDEN:<\/strong><\/p>\n\n\n\n<ul class=\"wp-block-list\">\n<li>u laat ons&nbsp;de workshop bij u \u2018aan huis\u2019 verzorgen<\/li>\n\n\n\n<li>u kiest zelf een passende locatie naar wens<\/li>\n\n\n\n<li>u laat zich door ons adviseren.<br>Wij zijn bekend met diverse geschikte zalen en sfeervolle plekken in een mooie omgeving<\/li>\n\n\n\n<li>naast het verzorgen van de workshop laat u het regelen van de ruimte en een diner of eventuele catering van een (Afrikaanse) maaltijd aan ons over<\/li>\n<\/ul>\n\n\n\n<p>Wat ons betreft wordt het een fantastische&nbsp;belevenis die iedereen&nbsp;lang bijblijft!<\/p>\n\n\n\n<p>Voor nadere informatie of het checken van een datum geven wij de voorkeur aan persoonlijk telefonisch contact:&nbsp;<strong><a href=\"https:\/\/www.zamana.nl\/index.php\/contact\/\">Patrick Ngambi<\/a><\/strong><\/p>\n\n\n\n<figure class=\"wp-block-gallery has-nested-images columns-default is-cropped wp-block-gallery-2 is-layout-flex wp-block-gallery-is-layout-flex\"><\/figure>\n","protected":false},"excerpt":{"rendered":"<p>PERCUSSIE-WORKSHOPS&nbsp;\/ DJEMBE-WORKSHOPSTROMMEL-WORKSHOPS De Djemb\u00e9 Band Zamana verzorgt ludieke workshops voor bedrijven, instellingen, scholen en particulieren.Iedere workshop wordt afgestemd op de wensen en mogelijkheden van de&nbsp;opdrachtgever.Soms als onderdeel van een feest, project of proces, envooral erg geslaagd als&nbsp;verrassing voor de deelnemers. De djemb\u00e9 is een heel toegankelijk&nbsp;muziekinstrument.Iedereen kan dus gemakkelijk meedoen.Stap voor stap spelen we&nbsp;de ritmes.Als [&hellip;]<\/p>\n","protected":false},"author":1,"featured_media":713,"parent":0,"menu_order":0,"comment_status":"closed","ping_status":"closed","template":"","meta":{"footnotes":""},"class_list":["post-902","page","type-page","status-publish","has-post-thumbnail","hentry","post-wrapper","thrv_wrapper"],"_links":{"self":[{"href":"https:\/\/www.zamana.nl\/index.php\/wp-json\/wp\/v2\/pages\/902","targetHints":{"allow":["GET"]}}],"collection":[{"href":"https:\/\/www.zamana.nl\/index.php\/wp-json\/wp\/v2\/pages"}],"about":[{"href":"https:\/\/www.zamana.nl\/index.php\/wp-json\/wp\/v2\/types\/page"}],"author":[{"embeddable":true,"href":"https:\/\/www.zamana.nl\/index.php\/wp-json\/wp\/v2\/users\/1"}],"replies":[{"embeddable":true,"href":"https:\/\/www.zamana.nl\/index.php\/wp-json\/wp\/v2\/comments?post=902"}],"version-history":[{"count":6,"href":"https:\/\/www.zamana.nl\/index.php\/wp-json\/wp\/v2\/pages\/902\/revisions"}],"predecessor-version":[{"id":1586,"href":"https:\/\/www.zamana.nl\/index.php\/wp-json\/wp\/v2\/pages\/902\/revisions\/1586"}],"wp:featuredmedia":[{"embeddable":true,"href":"https:\/\/www.zamana.nl\/index.php\/wp-json\/wp\/v2\/media\/713"}],"wp:attachment":[{"href":"https:\/\/www.zamana.nl\/index.php\/wp-json\/wp\/v2\/media?parent=902"}],"curies":[{"name":"wp","href":"https:\/\/api.w.org\/{rel}","templated":true}]}}